{"id":6,"date":"2024-12-07T17:49:04","date_gmt":"2024-12-07T16:49:04","guid":{"rendered":"http:\/\/localhost\/sumainti\/?page_id=6"},"modified":"2025-01-02T14:48:48","modified_gmt":"2025-01-02T17:48:48","slug":"suma-inti","status":"publish","type":"page","link":"https:\/\/sumainti.cl\/en\/suma-inti","title":{"rendered":"SUMA INTI"},"content":{"rendered":"<h2 class=\"wp-block-heading eplus-wrapper\">About Sum Inti<\/h2>\n\n\n<figure class=\"is-style-default edplus_anim-b9FLRs wp-block-image size-full eplus-wrapper eplus-styles-uid-c44b21\"><img decoding=\"async\" src=\"http:\/\/localhost\/sumainti\/wp-content\/uploads\/2024\/12\/360174703_752700463528017_4840657467648419386_n-3.jpg\" alt=\"\" class=\"wp-image-107\"><\/figure>\n\n<p style=\"text-align: justify;\">We are one of the leading tour operators in Arica, Chile, offering the best tour to the High Plateau, just <strong>4,500 meters above sea level<\/strong>. On our tours, we take you to discover the most stunning destinations of Arica, with packages designed to make your trip truly unforgettable.<\/p>\n<p style=\"text-align: justify;\"><img loading=\"lazy\" decoding=\"async\" class=\"wp-image-359 alignright\" src=\"https:\/\/sumainti.cl\/wp-content\/uploads\/2024\/12\/025-300x225.jpeg\" alt=\"\" width=\"359\" height=\"269\" srcset=\"https:\/\/sumainti.cl\/wp-content\/uploads\/2024\/12\/025-300x225.jpeg 300w, https:\/\/sumainti.cl\/wp-content\/uploads\/2024\/12\/025-1024x768.jpeg 1024w, https:\/\/sumainti.cl\/wp-content\/uploads\/2024\/12\/025-768x576.jpeg 768w, https:\/\/sumainti.cl\/wp-content\/uploads\/2024\/12\/025-1536x1152.jpeg 1536w, https:\/\/sumainti.cl\/wp-content\/uploads\/2024\/12\/025.jpeg 1600w\" sizes=\"auto, (max-width: 359px) 100vw, 359px\" \/>The north of Chile offers a warm welcome, inviting you to enjoy its natural beauty, while you get to know unique places. Among the most popular travel destinations include the <strong>Lauca National Park<\/strong> and the <strong>Lake Chungara<\/strong>two of the most attractive features emblematic of the region. Here, you can admire wonderful landscapes, walk through stunning geographical formations and observe the andean fauna in their natural habitat, all while living a unique experience at high altitude.<\/p>\n<p style=\"text-align: justify;\">Book now and live the experience of exploring the majestic chilean altiplano with us!<\/p>\n<p><strong>Mission<\/strong><\/p>\n<p style=\"text-align: justify;\">To provide a sightseeing experience unique and authentic from Arica, guided by experts, aymara, and connoisseurs of the majestic Natural Park and its unique flora and fauna. We offer a personalized service that highlights the identity of the millennial of the aymara culture, allowing our travelers get to know the secrets of the desert, the andes and the altiplano of northern Chile. We promise to deliver a quality service with a focus on sustainability and respect for our cultural roots, ensuring an unforgettable experience with lodging and food services in the same points of interest.<\/p>\n<p style=\"text-align: justify;\"><strong>Vision<\/strong><br \/>To be the agency of tourism leader in the region, renowned for offering authentic experiences, and enriching, to promote respect for the aymara culture and the natural environment of the high plateau and desert of Chile. We seek to consolidate ourselves as the leader in sustainable and responsible tourism, by providing to our customers a journey full of knowledge, adventure and connection with nature and the ancient traditions of our land.<\/p>","protected":false},"excerpt":{"rendered":"<p>Acerca de Suma Inti Somos uno de los principales operadores de turismo en Arica, Chile, ofreciendo los mejores tours al Alto Altiplano, a solo 4.500 msnm. En nuestras excursiones, lo llevamos a descubrir los m\u00e1s impresionantes destinos tur\u00edsticos de Arica, con paquetes dise\u00f1ados para que su viaje sea verdaderamente inolvidable. El norte de Chile le &#8230; <a title=\"SUMA INTI\" class=\"read-more\" href=\"https:\/\/sumainti.cl\/en\/suma-inti\" aria-label=\"Read more about SUMA INTI\">Read more<\/a><\/p>","protected":false},"author":1,"featured_media":0,"parent":0,"menu_order":0,"comment_status":"closed","ping_status":"closed","template":"","meta":{"_uag_custom_page_level_css":"","editor_plus_copied_stylings":"{}","footnotes":""},"class_list":["post-6","page","type-page","status-publish"],"yoast_head":"<!-- This site is optimized with the Yoast SEO plugin v26.4 - https:\/\/yoast.com\/wordpress\/plugins\/seo\/ -->\n<title>SUMA INTI - suma inti viajes<\/title>\n<meta name=\"robots\" content=\"index, follow, max-snippet:-1, max-image-preview:large, max-video-preview:-1\" \/>\n<link rel=\"canonical\" href=\"https:\/\/sumainti.cl\/en\/suma-inti\/\" \/>\n<meta property=\"og:locale\" content=\"en_US\" \/>\n<meta property=\"og:type\" content=\"article\" \/>\n<meta property=\"og:title\" content=\"SUMA INTI - suma inti viajes\" \/>\n<meta property=\"og:description\" content=\"Acerca de Suma Inti Somos uno de los principales operadores de turismo en Arica, Chile, ofreciendo los mejores tours al Alto Altiplano, a solo 4.500 msnm. En nuestras excursiones, lo llevamos a descubrir los m\u00e1s impresionantes destinos tur\u00edsticos de Arica, con paquetes dise\u00f1ados para que su viaje sea verdaderamente inolvidable. El norte de Chile le ... Read more\" \/>\n<meta property=\"og:url\" content=\"https:\/\/sumainti.cl\/en\/suma-inti\/\" \/>\n<meta property=\"og:site_name\" content=\"suma inti viajes\" \/>\n<meta property=\"article:publisher\" content=\"https:\/\/web.facebook.com\/sumaintiviajes\" \/>\n<meta property=\"article:modified_time\" content=\"2025-01-02T17:48:48+00:00\" \/>\n<meta name=\"twitter:card\" content=\"summary_large_image\" \/>\n<meta name=\"twitter:label1\" content=\"Est. reading time\" \/>\n\t<meta name=\"twitter:data1\" content=\"2 minutes\" \/>\n<script type=\"application\/ld+json\" class=\"yoast-schema-graph\">{\"@context\":\"https:\/\/schema.org\",\"@graph\":[{\"@type\":\"WebPage\",\"@id\":\"https:\/\/sumainti.cl\/suma-inti\",\"url\":\"https:\/\/sumainti.cl\/suma-inti\",\"name\":\"SUMA INTI - suma inti viajes\",\"isPartOf\":{\"@id\":\"https:\/\/sumainti.cl\/#website\"},\"primaryImageOfPage\":{\"@id\":\"https:\/\/sumainti.cl\/suma-inti#primaryimage\"},\"image\":{\"@id\":\"https:\/\/sumainti.cl\/suma-inti#primaryimage\"},\"thumbnailUrl\":\"http:\/\/localhost\/sumainti\/wp-content\/uploads\/2024\/12\/360174703_752700463528017_4840657467648419386_n-3.jpg\",\"datePublished\":\"2024-12-07T16:49:04+00:00\",\"dateModified\":\"2025-01-02T17:48:48+00:00\",\"breadcrumb\":{\"@id\":\"https:\/\/sumainti.cl\/suma-inti#breadcrumb\"},\"inLanguage\":\"en-US\",\"potentialAction\":[{\"@type\":\"ReadAction\",\"target\":[\"https:\/\/sumainti.cl\/suma-inti\"]}]},{\"@type\":\"ImageObject\",\"inLanguage\":\"en-US\",\"@id\":\"https:\/\/sumainti.cl\/suma-inti#primaryimage\",\"url\":\"http:\/\/localhost\/sumainti\/wp-content\/uploads\/2024\/12\/360174703_752700463528017_4840657467648419386_n-3.jpg\",\"contentUrl\":\"http:\/\/localhost\/sumainti\/wp-content\/uploads\/2024\/12\/360174703_752700463528017_4840657467648419386_n-3.jpg\"},{\"@type\":\"BreadcrumbList\",\"@id\":\"https:\/\/sumainti.cl\/suma-inti#breadcrumb\",\"itemListElement\":[{\"@type\":\"ListItem\",\"position\":1,\"name\":\"Portada\",\"item\":\"https:\/\/sumainti.cl\/\"},{\"@type\":\"ListItem\",\"position\":2,\"name\":\"SUMA INTI\"}]},{\"@type\":\"WebSite\",\"@id\":\"https:\/\/sumainti.cl\/#website\",\"url\":\"https:\/\/sumainti.cl\/\",\"name\":\"Suma Inti Viajes\",\"description\":\"\",\"publisher\":{\"@id\":\"https:\/\/sumainti.cl\/#organization\"},\"potentialAction\":[{\"@type\":\"SearchAction\",\"target\":{\"@type\":\"EntryPoint\",\"urlTemplate\":\"https:\/\/sumainti.cl\/?s={search_term_string}\"},\"query-input\":{\"@type\":\"PropertyValueSpecification\",\"valueRequired\":true,\"valueName\":\"search_term_string\"}}],\"inLanguage\":\"en-US\"},{\"@type\":\"Organization\",\"@id\":\"https:\/\/sumainti.cl\/#organization\",\"name\":\"Suma Inti Viajes\",\"url\":\"https:\/\/sumainti.cl\/\",\"logo\":{\"@type\":\"ImageObject\",\"inLanguage\":\"en-US\",\"@id\":\"https:\/\/sumainti.cl\/#\/schema\/logo\/image\/\",\"url\":\"https:\/\/sumainti.cl\/wp-content\/uploads\/2025\/01\/logo-copia-LG.png\",\"contentUrl\":\"https:\/\/sumainti.cl\/wp-content\/uploads\/2025\/01\/logo-copia-LG.png\",\"width\":2179,\"height\":303,\"caption\":\"Suma Inti Viajes\"},\"image\":{\"@id\":\"https:\/\/sumainti.cl\/#\/schema\/logo\/image\/\"},\"sameAs\":[\"https:\/\/web.facebook.com\/sumaintiviajes\"]}]}<\/script>\n<!-- \/ Yoast SEO plugin. -->","yoast_head_json":{"title":"SUMA INTI - suma inti viajes","robots":{"index":"index","follow":"follow","max-snippet":"max-snippet:-1","max-image-preview":"max-image-preview:large","max-video-preview":"max-video-preview:-1"},"canonical":"https:\/\/sumainti.cl\/en\/suma-inti\/","og_locale":"en_US","og_type":"article","og_title":"SUMA INTI - suma inti viajes","og_description":"Acerca de Suma Inti Somos uno de los principales operadores de turismo en Arica, Chile, ofreciendo los mejores tours al Alto Altiplano, a solo 4.500 msnm. En nuestras excursiones, lo llevamos a descubrir los m\u00e1s impresionantes destinos tur\u00edsticos de Arica, con paquetes dise\u00f1ados para que su viaje sea verdaderamente inolvidable. El norte de Chile le ... Read more","og_url":"https:\/\/sumainti.cl\/en\/suma-inti\/","og_site_name":"suma inti viajes","article_publisher":"https:\/\/web.facebook.com\/sumaintiviajes","article_modified_time":"2025-01-02T17:48:48+00:00","twitter_card":"summary_large_image","twitter_misc":{"Est. reading time":"2 minutes"},"schema":{"@context":"https:\/\/schema.org","@graph":[{"@type":"WebPage","@id":"https:\/\/sumainti.cl\/suma-inti","url":"https:\/\/sumainti.cl\/suma-inti","name":"SUMA INTI - suma inti viajes","isPartOf":{"@id":"https:\/\/sumainti.cl\/#website"},"primaryImageOfPage":{"@id":"https:\/\/sumainti.cl\/suma-inti#primaryimage"},"image":{"@id":"https:\/\/sumainti.cl\/suma-inti#primaryimage"},"thumbnailUrl":"http:\/\/localhost\/sumainti\/wp-content\/uploads\/2024\/12\/360174703_752700463528017_4840657467648419386_n-3.jpg","datePublished":"2024-12-07T16:49:04+00:00","dateModified":"2025-01-02T17:48:48+00:00","breadcrumb":{"@id":"https:\/\/sumainti.cl\/suma-inti#breadcrumb"},"inLanguage":"en-US","potentialAction":[{"@type":"ReadAction","target":["https:\/\/sumainti.cl\/suma-inti"]}]},{"@type":"ImageObject","inLanguage":"en-US","@id":"https:\/\/sumainti.cl\/suma-inti#primaryimage","url":"http:\/\/localhost\/sumainti\/wp-content\/uploads\/2024\/12\/360174703_752700463528017_4840657467648419386_n-3.jpg","contentUrl":"http:\/\/localhost\/sumainti\/wp-content\/uploads\/2024\/12\/360174703_752700463528017_4840657467648419386_n-3.jpg"},{"@type":"BreadcrumbList","@id":"https:\/\/sumainti.cl\/suma-inti#breadcrumb","itemListElement":[{"@type":"ListItem","position":1,"name":"Portada","item":"https:\/\/sumainti.cl\/"},{"@type":"ListItem","position":2,"name":"SUMA INTI"}]},{"@type":"WebSite","@id":"https:\/\/sumainti.cl\/#website","url":"https:\/\/sumainti.cl\/","name":"Sum Inti Travel","description":"","publisher":{"@id":"https:\/\/sumainti.cl\/#organization"},"potentialAction":[{"@type":"SearchAction","target":{"@type":"EntryPoint","urlTemplate":"https:\/\/sumainti.cl\/?s={search_term_string}"},"query-input":{"@type":"PropertyValueSpecification","valueRequired":true,"valueName":"search_term_string"}}],"inLanguage":"en-US"},{"@type":"Organization","@id":"https:\/\/sumainti.cl\/#organization","name":"Sum Inti Travel","url":"https:\/\/sumainti.cl\/","logo":{"@type":"ImageObject","inLanguage":"en-US","@id":"https:\/\/sumainti.cl\/#\/schema\/logo\/image\/","url":"https:\/\/sumainti.cl\/wp-content\/uploads\/2025\/01\/logo-copia-LG.png","contentUrl":"https:\/\/sumainti.cl\/wp-content\/uploads\/2025\/01\/logo-copia-LG.png","width":2179,"height":303,"caption":"Suma Inti Viajes"},"image":{"@id":"https:\/\/sumainti.cl\/#\/schema\/logo\/image\/"},"sameAs":["https:\/\/web.facebook.com\/sumaintiviajes"]}]}},"uagb_featured_image_src":{"full":false,"thumbnail":false,"medium":false,"medium_large":false,"large":false,"1536x1536":false,"2048x2048":false,"trp-custom-language-flag":false},"uagb_author_info":{"display_name":"sumainti","author_link":"https:\/\/sumainti.cl\/en\/archivos\/author\/sumainti"},"uagb_comment_info":0,"uagb_excerpt":"Acerca de Suma Inti Somos uno de los principales operadores de turismo en Arica, Chile, ofreciendo los mejores tours al Alto Altiplano, a solo 4.500 msnm. En nuestras excursiones, lo llevamos a descubrir los m\u00e1s impresionantes destinos tur\u00edsticos de Arica, con paquetes dise\u00f1ados para que su viaje sea verdaderamente inolvidable. El norte de Chile le&hellip;","_links":{"self":[{"href":"https:\/\/sumainti.cl\/en\/wp-json\/wp\/v2\/pages\/6","targetHints":{"allow":["GET"]}}],"collection":[{"href":"https:\/\/sumainti.cl\/en\/wp-json\/wp\/v2\/pages"}],"about":[{"href":"https:\/\/sumainti.cl\/en\/wp-json\/wp\/v2\/types\/page"}],"author":[{"embeddable":true,"href":"https:\/\/sumainti.cl\/en\/wp-json\/wp\/v2\/users\/1"}],"replies":[{"embeddable":true,"href":"https:\/\/sumainti.cl\/en\/wp-json\/wp\/v2\/comments?post=6"}],"version-history":[{"count":9,"href":"https:\/\/sumainti.cl\/en\/wp-json\/wp\/v2\/pages\/6\/revisions"}],"predecessor-version":[{"id":423,"href":"https:\/\/sumainti.cl\/en\/wp-json\/wp\/v2\/pages\/6\/revisions\/423"}],"wp:attachment":[{"href":"https:\/\/sumainti.cl\/en\/wp-json\/wp\/v2\/media?parent=6"}],"curies":[{"name":"wp","href":"https:\/\/api.w.org\/{rel}","templated":true}]}}