{"id":542,"date":"2025-01-23T19:32:46","date_gmt":"2025-01-23T22:32:46","guid":{"rendered":"https:\/\/sumainti.cl\/?page_id=542"},"modified":"2025-01-23T19:42:22","modified_gmt":"2025-01-23T22:42:22","slug":"tour-5-dias-4-noches-arica-chinchorro","status":"publish","type":"page","link":"https:\/\/sumainti.cl\/en\/tour-5-dias-4-noches-arica-chinchorro","title":{"rendered":"TOUR 5 DAYS 4 NIGHTS Arica \u2013 Chinchorro"},"content":{"rendered":"<div class=\"wp-block-uagb-image alignright uagb-block-0c158fcf wp-block-uagb-image--layout-default wp-block-uagb-image--effect-static wp-block-uagb-image--align-right\"><figure class=\"wp-block-uagb-image__figure\"><img decoding=\"async\" srcset=\"https:\/\/sumainti.cl\/wp-content\/uploads\/2025\/01\/SAM_6073-1024x768.jpg ,https:\/\/sumainti.cl\/wp-content\/uploads\/2025\/01\/SAM_6073-scaled.jpg 780w, https:\/\/sumainti.cl\/wp-content\/uploads\/2025\/01\/SAM_6073-scaled.jpg 360w\" sizes=\"auto, (max-width: 480px) 150px\" src=\"https:\/\/sumainti.cl\/wp-content\/uploads\/2025\/01\/SAM_6073-1024x768.jpg\" alt=\"\" class=\"uag-image-486\" width=\"530\" height=\"398\" title=\"SAM_6073\" loading=\"lazy\" role=\"img\"\/><\/figure><\/div>\n\n\n<p><strong>Output:<\/strong> 0900 hours<br \/><strong>Duration of the tour:<\/strong> 5 days \u2013 4 nights<br \/><strong>Place of departure:<\/strong> hotel...<\/p>\n<p><strong><u>Day 1<\/u><\/strong><strong><br \/><br \/>THE ROUTE OF THE MUMMY OF THE CHINCHORRO 8,500 YEARS<br \/><br \/><\/strong>Reception at the Airport, transfer to hotel in Arica, then visit the Museum of San Miguel de Azapa, visit the Sacred Hill, where now they worship the Tata Inti (Sun) to the Pachamama (mother earth), Collos (hills), Jawira (rivers) and set the Universe.<br \/><br \/>Visit to the Aso-Agro, terminal agriculture, which is concentrated in the agricultural economy of the Aymara people, ancient culture of northern Chile.<\/p>\n<p><strong><u>Day 2<\/u><\/strong><\/p>\n<p><strong>ARICA -CODPA THE WINE ROUTE PINTATANI<br \/><br \/><\/strong>Departure Arica to the oasis of the valle de Codpa nestled in the own desert of northern Chile at 2,200 Meters. S. N. M., where you will taste the exquisite wine Pitatani, fruits of the area as pink Guavas. Mango, Tuna, Pears and spend an unforgettable day with the locals, spending the night in the same valley.<\/p>\n<p><strong><u>Day 3<\/u><\/strong><\/p>\n<p><strong>CODPA - PUTRE THE ROUTE OF THE CAMINO INCA<br \/><br \/><\/strong>Output Codpa to the village of Cheat colonial after Precordillera. Visit towns like Ticnamar, Saxamar, Bethlehem, Chapi\u00f1a, Mormontani, where we will see plantings of oregano platforms, crops of potatoes, alfalfa and thermal waters of Chapi\u00f1a night Putre.<\/p>\n<p><strong><u>Day 4<\/u><\/strong><\/p>\n<p><strong>LAUCA NATIONAL PARK: THE PATH TO THE TIPLANO\u00a0<\/strong><strong><u><br \/><br \/><\/u><\/strong>4,500 M. S. N. M. The flourish (ancestral tradition)<strong>\u00a0<\/strong>from camelids such as: Flames<br \/>and Alpacas in the honor to his flock and to the universe to make it more fruitful, later<br \/>visit the Chungar\u00e1 lake is the highest in the world, with 21 Km2, with a depth of 37 M.,<br \/>volcanoes Payachatas with 6.340 Mts., Laguna Cotacotani and the village of Parinacota, a world heritage site<br \/>stay overnight in this village.<\/p>\n<p><strong><u>Day 5<\/u><\/strong><\/p>\n<p><strong>ACTIVE VOLCANOES OF WUALLATIRE<br \/><br \/><\/strong>Here you will see the camels Sud-American, the book of the vicunas the monumental Salar de Surire, where you will have the opportunity to photograph, the three types of flamingos, ostriches american (rhea), thermal waters of Pullokere where you can bathe; in the afternoon return to the city of Arica.<\/p>\n<p>END OF TOUR<\/p>\n<h2 style=\"text-align: center;\">JIKISI\u00d1AKAMA, that means until the new meeting.<\/h2>","protected":false},"excerpt":{"rendered":"<p>Salida: 09.00 horasDuraci\u00f3n del tour: 5 d\u00edas \u2013 4 nochesLugar de salida: hotel\u2026 D\u00eda 1 LA RUTA DE LA MOMIA DEL CHINCHORRO DE 8.500 A\u00d1OS Recepci\u00f3n en el Aeropuerto, traslado al hotel en Arica, luego visita al Museo San Miguel de Azapa, visita al Cerro Sagrado, donde actualmente se rinde culto al Tata Inti, (Sol) &#8230; <a title=\"TOUR 5 DIAS 4 NOCHES Arica &#8211; Chinchorro\" class=\"read-more\" href=\"https:\/\/sumainti.cl\/en\/tour-5-dias-4-noches-arica-chinchorro\" aria-label=\"Read more about TOUR 5 DIAS 4 NOCHES Arica &#8211; Chinchorro\">Read more<\/a><\/p>","protected":false},"author":1,"featured_media":0,"parent":0,"menu_order":0,"comment_status":"closed","ping_status":"closed","template":"","meta":{"_uag_custom_page_level_css":"","editor_plus_copied_stylings":"{}","footnotes":""},"class_list":["post-542","page","type-page","status-publish"],"yoast_head":"<!-- This site is optimized with the Yoast SEO plugin v26.4 - https:\/\/yoast.com\/wordpress\/plugins\/seo\/ -->\n<title>TOUR 5 DIAS 4 NOCHES Arica - Chinchorro - suma inti viajes<\/title>\n<meta name=\"robots\" content=\"index, follow, max-snippet:-1, max-image-preview:large, max-video-preview:-1\" \/>\n<link rel=\"canonical\" href=\"https:\/\/sumainti.cl\/en\/tour-5-dias-4-noches-arica-chinchorro\/\" \/>\n<meta property=\"og:locale\" content=\"en_US\" \/>\n<meta property=\"og:type\" content=\"article\" \/>\n<meta property=\"og:title\" content=\"TOUR 5 DIAS 4 NOCHES Arica - Chinchorro - suma inti viajes\" \/>\n<meta property=\"og:description\" content=\"Salida: 09.00 horasDuraci\u00f3n del tour: 5 d\u00edas \u2013 4 nochesLugar de salida: hotel\u2026 D\u00eda 1 LA RUTA DE LA MOMIA DEL CHINCHORRO DE 8.500 A\u00d1OS Recepci\u00f3n en el Aeropuerto, traslado al hotel en Arica, luego visita al Museo San Miguel de Azapa, visita al Cerro Sagrado, donde actualmente se rinde culto al Tata Inti, (Sol) ... Read more\" \/>\n<meta property=\"og:url\" content=\"https:\/\/sumainti.cl\/en\/tour-5-dias-4-noches-arica-chinchorro\/\" \/>\n<meta property=\"og:site_name\" content=\"suma inti viajes\" \/>\n<meta property=\"article:publisher\" content=\"https:\/\/web.facebook.com\/sumaintiviajes\" \/>\n<meta property=\"article:modified_time\" content=\"2025-01-23T22:42:22+00:00\" \/>\n<meta property=\"og:image\" content=\"https:\/\/sumainti.cl\/wp-content\/uploads\/2025\/01\/SAM_6073-1024x768.jpg\" \/>\n<meta name=\"twitter:card\" content=\"summary_large_image\" \/>\n<meta name=\"twitter:label1\" content=\"Est. reading time\" \/>\n\t<meta name=\"twitter:data1\" content=\"3 minutes\" \/>\n<script type=\"application\/ld+json\" class=\"yoast-schema-graph\">{\"@context\":\"https:\/\/schema.org\",\"@graph\":[{\"@type\":\"WebPage\",\"@id\":\"https:\/\/sumainti.cl\/tour-5-dias-4-noches-arica-chinchorro\",\"url\":\"https:\/\/sumainti.cl\/tour-5-dias-4-noches-arica-chinchorro\",\"name\":\"TOUR 5 DIAS 4 NOCHES Arica - Chinchorro - suma inti viajes\",\"isPartOf\":{\"@id\":\"https:\/\/sumainti.cl\/#website\"},\"primaryImageOfPage\":{\"@id\":\"https:\/\/sumainti.cl\/tour-5-dias-4-noches-arica-chinchorro#primaryimage\"},\"image\":{\"@id\":\"https:\/\/sumainti.cl\/tour-5-dias-4-noches-arica-chinchorro#primaryimage\"},\"thumbnailUrl\":\"https:\/\/sumainti.cl\/wp-content\/uploads\/2025\/01\/SAM_6073-1024x768.jpg\",\"datePublished\":\"2025-01-23T22:32:46+00:00\",\"dateModified\":\"2025-01-23T22:42:22+00:00\",\"breadcrumb\":{\"@id\":\"https:\/\/sumainti.cl\/tour-5-dias-4-noches-arica-chinchorro#breadcrumb\"},\"inLanguage\":\"en-US\",\"potentialAction\":[{\"@type\":\"ReadAction\",\"target\":[\"https:\/\/sumainti.cl\/tour-5-dias-4-noches-arica-chinchorro\"]}]},{\"@type\":\"ImageObject\",\"inLanguage\":\"en-US\",\"@id\":\"https:\/\/sumainti.cl\/tour-5-dias-4-noches-arica-chinchorro#primaryimage\",\"url\":\"https:\/\/sumainti.cl\/wp-content\/uploads\/2025\/01\/SAM_6073-1024x768.jpg\",\"contentUrl\":\"https:\/\/sumainti.cl\/wp-content\/uploads\/2025\/01\/SAM_6073-1024x768.jpg\"},{\"@type\":\"BreadcrumbList\",\"@id\":\"https:\/\/sumainti.cl\/tour-5-dias-4-noches-arica-chinchorro#breadcrumb\",\"itemListElement\":[{\"@type\":\"ListItem\",\"position\":1,\"name\":\"Portada\",\"item\":\"https:\/\/sumainti.cl\/\"},{\"@type\":\"ListItem\",\"position\":2,\"name\":\"TOUR 5 DIAS 4 NOCHES Arica &#8211; Chinchorro\"}]},{\"@type\":\"WebSite\",\"@id\":\"https:\/\/sumainti.cl\/#website\",\"url\":\"https:\/\/sumainti.cl\/\",\"name\":\"Suma Inti Viajes\",\"description\":\"\",\"publisher\":{\"@id\":\"https:\/\/sumainti.cl\/#organization\"},\"potentialAction\":[{\"@type\":\"SearchAction\",\"target\":{\"@type\":\"EntryPoint\",\"urlTemplate\":\"https:\/\/sumainti.cl\/?s={search_term_string}\"},\"query-input\":{\"@type\":\"PropertyValueSpecification\",\"valueRequired\":true,\"valueName\":\"search_term_string\"}}],\"inLanguage\":\"en-US\"},{\"@type\":\"Organization\",\"@id\":\"https:\/\/sumainti.cl\/#organization\",\"name\":\"Suma Inti Viajes\",\"url\":\"https:\/\/sumainti.cl\/\",\"logo\":{\"@type\":\"ImageObject\",\"inLanguage\":\"en-US\",\"@id\":\"https:\/\/sumainti.cl\/#\/schema\/logo\/image\/\",\"url\":\"https:\/\/sumainti.cl\/wp-content\/uploads\/2025\/01\/logo-copia-LG.png\",\"contentUrl\":\"https:\/\/sumainti.cl\/wp-content\/uploads\/2025\/01\/logo-copia-LG.png\",\"width\":2179,\"height\":303,\"caption\":\"Suma Inti Viajes\"},\"image\":{\"@id\":\"https:\/\/sumainti.cl\/#\/schema\/logo\/image\/\"},\"sameAs\":[\"https:\/\/web.facebook.com\/sumaintiviajes\"]}]}<\/script>\n<!-- \/ Yoast SEO plugin. -->","yoast_head_json":{"title":"TOUR 5 DIAS 4 NOCHES Arica - Chinchorro - suma inti viajes","robots":{"index":"index","follow":"follow","max-snippet":"max-snippet:-1","max-image-preview":"max-image-preview:large","max-video-preview":"max-video-preview:-1"},"canonical":"https:\/\/sumainti.cl\/en\/tour-5-dias-4-noches-arica-chinchorro\/","og_locale":"en_US","og_type":"article","og_title":"TOUR 5 DIAS 4 NOCHES Arica - Chinchorro - suma inti viajes","og_description":"Salida: 09.00 horasDuraci\u00f3n del tour: 5 d\u00edas \u2013 4 nochesLugar de salida: hotel\u2026 D\u00eda 1 LA RUTA DE LA MOMIA DEL CHINCHORRO DE 8.500 A\u00d1OS Recepci\u00f3n en el Aeropuerto, traslado al hotel en Arica, luego visita al Museo San Miguel de Azapa, visita al Cerro Sagrado, donde actualmente se rinde culto al Tata Inti, (Sol) ... Read more","og_url":"https:\/\/sumainti.cl\/en\/tour-5-dias-4-noches-arica-chinchorro\/","og_site_name":"suma inti viajes","article_publisher":"https:\/\/web.facebook.com\/sumaintiviajes","article_modified_time":"2025-01-23T22:42:22+00:00","og_image":[{"url":"https:\/\/sumainti.cl\/wp-content\/uploads\/2025\/01\/SAM_6073-1024x768.jpg","type":"","width":"","height":""}],"twitter_card":"summary_large_image","twitter_misc":{"Est. reading time":"3 minutes"},"schema":{"@context":"https:\/\/schema.org","@graph":[{"@type":"WebPage","@id":"https:\/\/sumainti.cl\/tour-5-dias-4-noches-arica-chinchorro","url":"https:\/\/sumainti.cl\/tour-5-dias-4-noches-arica-chinchorro","name":"TOUR 5 DIAS 4 NOCHES Arica - Chinchorro - suma inti viajes","isPartOf":{"@id":"https:\/\/sumainti.cl\/#website"},"primaryImageOfPage":{"@id":"https:\/\/sumainti.cl\/tour-5-dias-4-noches-arica-chinchorro#primaryimage"},"image":{"@id":"https:\/\/sumainti.cl\/tour-5-dias-4-noches-arica-chinchorro#primaryimage"},"thumbnailUrl":"https:\/\/sumainti.cl\/wp-content\/uploads\/2025\/01\/SAM_6073-1024x768.jpg","datePublished":"2025-01-23T22:32:46+00:00","dateModified":"2025-01-23T22:42:22+00:00","breadcrumb":{"@id":"https:\/\/sumainti.cl\/tour-5-dias-4-noches-arica-chinchorro#breadcrumb"},"inLanguage":"en-US","potentialAction":[{"@type":"ReadAction","target":["https:\/\/sumainti.cl\/tour-5-dias-4-noches-arica-chinchorro"]}]},{"@type":"ImageObject","inLanguage":"en-US","@id":"https:\/\/sumainti.cl\/tour-5-dias-4-noches-arica-chinchorro#primaryimage","url":"https:\/\/sumainti.cl\/wp-content\/uploads\/2025\/01\/SAM_6073-1024x768.jpg","contentUrl":"https:\/\/sumainti.cl\/wp-content\/uploads\/2025\/01\/SAM_6073-1024x768.jpg"},{"@type":"BreadcrumbList","@id":"https:\/\/sumainti.cl\/tour-5-dias-4-noches-arica-chinchorro#breadcrumb","itemListElement":[{"@type":"ListItem","position":1,"name":"Portada","item":"https:\/\/sumainti.cl\/"},{"@type":"ListItem","position":2,"name":"TOUR 5 DIAS 4 NOCHES Arica &#8211; Chinchorro"}]},{"@type":"WebSite","@id":"https:\/\/sumainti.cl\/#website","url":"https:\/\/sumainti.cl\/","name":"Sum Inti Travel","description":"","publisher":{"@id":"https:\/\/sumainti.cl\/#organization"},"potentialAction":[{"@type":"SearchAction","target":{"@type":"EntryPoint","urlTemplate":"https:\/\/sumainti.cl\/?s={search_term_string}"},"query-input":{"@type":"PropertyValueSpecification","valueRequired":true,"valueName":"search_term_string"}}],"inLanguage":"en-US"},{"@type":"Organization","@id":"https:\/\/sumainti.cl\/#organization","name":"Sum Inti Travel","url":"https:\/\/sumainti.cl\/","logo":{"@type":"ImageObject","inLanguage":"en-US","@id":"https:\/\/sumainti.cl\/#\/schema\/logo\/image\/","url":"https:\/\/sumainti.cl\/wp-content\/uploads\/2025\/01\/logo-copia-LG.png","contentUrl":"https:\/\/sumainti.cl\/wp-content\/uploads\/2025\/01\/logo-copia-LG.png","width":2179,"height":303,"caption":"Suma Inti Viajes"},"image":{"@id":"https:\/\/sumainti.cl\/#\/schema\/logo\/image\/"},"sameAs":["https:\/\/web.facebook.com\/sumaintiviajes"]}]}},"uagb_featured_image_src":{"full":false,"thumbnail":false,"medium":false,"medium_large":false,"large":false,"1536x1536":false,"2048x2048":false,"trp-custom-language-flag":false},"uagb_author_info":{"display_name":"sumainti","author_link":"https:\/\/sumainti.cl\/en\/archivos\/author\/sumainti"},"uagb_comment_info":0,"uagb_excerpt":"Salida: 09.00 horasDuraci\u00f3n del tour: 5 d\u00edas \u2013 4 nochesLugar de salida: hotel\u2026 D\u00eda 1 LA RUTA DE LA MOMIA DEL CHINCHORRO DE 8.500 A\u00d1OS Recepci\u00f3n en el Aeropuerto, traslado al hotel en Arica, luego visita al Museo San Miguel de Azapa, visita al Cerro Sagrado, donde actualmente se rinde culto al Tata Inti, (Sol)&hellip;","_links":{"self":[{"href":"https:\/\/sumainti.cl\/en\/wp-json\/wp\/v2\/pages\/542","targetHints":{"allow":["GET"]}}],"collection":[{"href":"https:\/\/sumainti.cl\/en\/wp-json\/wp\/v2\/pages"}],"about":[{"href":"https:\/\/sumainti.cl\/en\/wp-json\/wp\/v2\/types\/page"}],"author":[{"embeddable":true,"href":"https:\/\/sumainti.cl\/en\/wp-json\/wp\/v2\/users\/1"}],"replies":[{"embeddable":true,"href":"https:\/\/sumainti.cl\/en\/wp-json\/wp\/v2\/comments?post=542"}],"version-history":[{"count":4,"href":"https:\/\/sumainti.cl\/en\/wp-json\/wp\/v2\/pages\/542\/revisions"}],"predecessor-version":[{"id":548,"href":"https:\/\/sumainti.cl\/en\/wp-json\/wp\/v2\/pages\/542\/revisions\/548"}],"wp:attachment":[{"href":"https:\/\/sumainti.cl\/en\/wp-json\/wp\/v2\/media?parent=542"}],"curies":[{"name":"wp","href":"https:\/\/api.w.org\/{rel}","templated":true}]}}