{"id":25,"date":"2024-12-07T17:52:03","date_gmt":"2024-12-07T16:52:03","guid":{"rendered":"http:\/\/localhost\/sumainti\/?page_id=25"},"modified":"2025-01-23T19:52:51","modified_gmt":"2025-01-23T22:52:51","slug":"paquete-4","status":"publish","type":"page","link":"https:\/\/sumainti.cl\/en\/paquete-4","title":{"rendered":"TOUR 4 DIAS 3 NOCHES Arica &#8211; Suriplaza"},"content":{"rendered":"<h2 class=\"wp-block-heading eplus-wrapper\"><strong>ARICA \u2013 PUTRE \u2013 SURIPLAZA \u2013 Booking Nac. Vicu\u00f1a \u2013 CHUNGARA LAKE \u2013 Arica<\/strong><\/h2>\n\n\n<div class=\"wp-block-image  edplus_anim-JIH7zI\"><figure class=\"alignright size-full is-resized eplus-wrapper eplus-styles-uid-f679d2\"><img loading=\"lazy\" decoding=\"async\" width=\"1200\" height=\"1600\" src=\"https:\/\/sumainti.cl\/wp-content\/uploads\/2024\/12\/012.jpeg\" alt=\"\" class=\"wp-image-346\" style=\"width:404px;height:auto\" srcset=\"https:\/\/sumainti.cl\/wp-content\/uploads\/2024\/12\/012.jpeg 1200w, https:\/\/sumainti.cl\/wp-content\/uploads\/2024\/12\/012-225x300.jpeg 225w, https:\/\/sumainti.cl\/wp-content\/uploads\/2024\/12\/012-768x1024.jpeg 768w, https:\/\/sumainti.cl\/wp-content\/uploads\/2024\/12\/012-1152x1536.jpeg 1152w\" sizes=\"auto, (max-width: 1200px) 100vw, 1200px\" \/><\/figure><\/div>\n\n<p><strong>Output:<\/strong> 0900 hours<br \/><strong>Duration of the tour:<\/strong> 4 days \u2013 3 nights<br \/><strong>Place of departure:<\/strong> hotel...<\/p>\n<p><strong>Visits:<\/strong><\/p>\n<ul>\n<li>Museum San Miguel: The mummies oldest in the world<\/li>\n<li>Town of Poconchile: Iglesia San Jer\u00f3nimo one of the 7 Churches of the Altiplano\u201d<\/li>\n<li>Trekking Village of Socoroma: experience ancient<\/li>\n<li>Putre: overnight<\/li>\n<li>Suri plaza: The charm of nature mountains of colours<\/li>\n<li>Las Vicu\u00f1as National reserve: Observation of camelids<\/li>\n<li>Monumento Natural Salar de Surire: Observation of the viewpoint Chilcaya<\/li>\n<li>Termas de Polloquere: enjoy a bath of 60 \u00b0 C<\/li>\n<li>Lauca National park: within the Park is the Lake Chungara<\/li>\n<li>Village of Parinacota:<\/li>\n<\/ul>\n<p><strong>Recommendation:<br \/><\/strong>Warm clothes<br \/>Sunscreen<br \/>Hat<br \/>Wool hat<br \/>Water<br \/>The day before the tour not to eat fatty foods<br \/>Children older than 6 years<\/p>\n<p><strong>Views: <\/strong>Flora and fauna endemic.<\/p>\n<\/p>\n<p><strong>Day 1<\/strong>. Nestled in the heart of the Azapa valley, we will visit the Archaeological Museum where you will find the Mummies most of the world's ancient cultural heritage of humanity, we will go through the Azapa valley to the valley of Lluta until you reach the first Church nestled in the valley of the NINETEENTH century, part of the 7 \u201cChurches of the Altiplano\u201d, our next stop broken Cardones Natural Monument, Pukara de Copaquilla archaeological complex, lunch in Zapahuira next stop Trekking to the village of Socoroma, we will spend the night in Putre.<\/p>\n<p><strong>Day 2.\u00a0 <\/strong>\u00a0After breakfast we will have a busy day to take a walk through the valley of Suriplaza and scale you can watch the hills of colours of an incomparable beauty, a return to Putre.<\/p>\n<p><strong>Day 3.\u00a0 <\/strong>\u00a0After a reassuring rest and breakfast, we will depart towards the Reserve vicu\u00f1as where you will see flora and fauna of the place to revel in the baths the baths of Polloquere temperature of 66\u00ba C of the Salar de Surire, box lunch, return to Putre.<\/p>\n<p><strong>Day 4.<\/strong>\u00a0 The next day we have breakfast for hanging out with the target to Lauca National Park el mirador de las Lagunas Cotacotani arrival at the highest Lake in the world, in return we will visit the Church of Parinacota lunch in Chucuyo return to the city.<\/p>\n<h2 style=\"text-align: center;\">Tour is not Recommended for People with Heart<\/h2>","protected":false},"excerpt":{"rendered":"<p>ARICA &#8211; PUTRE \u2013 SURIPLAZA&nbsp; &#8211; Reserva Nac. Las vicu\u00f1as&nbsp; &#8211; &nbsp;LAGO CHUNGARA &#8211;&nbsp; Arica Salida: 09.00 horasDuraci\u00f3n del tour: 4 d\u00edas \u2013 3 nochesLugar de salida: hotel\u2026 Visitas: Museo San Migue: Las momias m\u00e1s antiguas del mundo Poblado de Poconchile: Iglesia San Jer\u00f3nimo una de las 7 \u201cIglesias del Altiplano\u201d Trekking Poblado de Socoroma: &#8230; <a title=\"TOUR 4 DIAS 3 NOCHES Arica &#8211; Suriplaza\" class=\"read-more\" href=\"https:\/\/sumainti.cl\/en\/paquete-4\" aria-label=\"Read more about TOUR 4 DIAS 3 NOCHES Arica &#8211; Suriplaza\">Read more<\/a><\/p>","protected":false},"author":1,"featured_media":0,"parent":0,"menu_order":0,"comment_status":"closed","ping_status":"closed","template":"","meta":{"_uag_custom_page_level_css":"","editor_plus_copied_stylings":"{}","footnotes":""},"class_list":["post-25","page","type-page","status-publish"],"yoast_head":"<!-- This site is optimized with the Yoast SEO plugin v26.4 - https:\/\/yoast.com\/wordpress\/plugins\/seo\/ -->\n<title>TOUR 4 DIAS 3 NOCHES Arica - Suriplaza - suma inti viajes<\/title>\n<meta name=\"robots\" content=\"index, follow, max-snippet:-1, max-image-preview:large, max-video-preview:-1\" \/>\n<link rel=\"canonical\" href=\"https:\/\/sumainti.cl\/en\/paquete-4\/\" \/>\n<meta property=\"og:locale\" content=\"en_US\" \/>\n<meta property=\"og:type\" content=\"article\" \/>\n<meta property=\"og:title\" content=\"TOUR 4 DIAS 3 NOCHES Arica - Suriplaza - suma inti viajes\" \/>\n<meta property=\"og:description\" content=\"ARICA &#8211; PUTRE \u2013 SURIPLAZA&nbsp; &#8211; Reserva Nac. Las vicu\u00f1as&nbsp; &#8211; &nbsp;LAGO CHUNGARA &#8211;&nbsp; Arica Salida: 09.00 horasDuraci\u00f3n del tour: 4 d\u00edas \u2013 3 nochesLugar de salida: hotel\u2026 Visitas: Museo San Migue: Las momias m\u00e1s antiguas del mundo Poblado de Poconchile: Iglesia San Jer\u00f3nimo una de las 7 \u201cIglesias del Altiplano\u201d Trekking Poblado de Socoroma: ... Read more\" \/>\n<meta property=\"og:url\" content=\"https:\/\/sumainti.cl\/en\/paquete-4\/\" \/>\n<meta property=\"og:site_name\" content=\"suma inti viajes\" \/>\n<meta property=\"article:publisher\" content=\"https:\/\/web.facebook.com\/sumaintiviajes\" \/>\n<meta property=\"article:modified_time\" content=\"2025-01-23T22:52:51+00:00\" \/>\n<meta property=\"og:image\" content=\"https:\/\/sumainti.cl\/wp-content\/uploads\/2024\/12\/012.jpeg\" \/>\n\t<meta property=\"og:image:width\" content=\"1200\" \/>\n\t<meta property=\"og:image:height\" content=\"1600\" \/>\n\t<meta property=\"og:image:type\" content=\"image\/jpeg\" \/>\n<meta name=\"twitter:card\" content=\"summary_large_image\" \/>\n<meta name=\"twitter:label1\" content=\"Est. reading time\" \/>\n\t<meta name=\"twitter:data1\" content=\"2 minutes\" \/>\n<script type=\"application\/ld+json\" class=\"yoast-schema-graph\">{\"@context\":\"https:\/\/schema.org\",\"@graph\":[{\"@type\":\"WebPage\",\"@id\":\"https:\/\/sumainti.cl\/paquete-4\",\"url\":\"https:\/\/sumainti.cl\/paquete-4\",\"name\":\"TOUR 4 DIAS 3 NOCHES Arica - Suriplaza - suma inti viajes\",\"isPartOf\":{\"@id\":\"https:\/\/sumainti.cl\/#website\"},\"primaryImageOfPage\":{\"@id\":\"https:\/\/sumainti.cl\/paquete-4#primaryimage\"},\"image\":{\"@id\":\"https:\/\/sumainti.cl\/paquete-4#primaryimage\"},\"thumbnailUrl\":\"https:\/\/sumainti.cl\/wp-content\/uploads\/2024\/12\/012.jpeg\",\"datePublished\":\"2024-12-07T16:52:03+00:00\",\"dateModified\":\"2025-01-23T22:52:51+00:00\",\"breadcrumb\":{\"@id\":\"https:\/\/sumainti.cl\/paquete-4#breadcrumb\"},\"inLanguage\":\"en-US\",\"potentialAction\":[{\"@type\":\"ReadAction\",\"target\":[\"https:\/\/sumainti.cl\/paquete-4\"]}]},{\"@type\":\"ImageObject\",\"inLanguage\":\"en-US\",\"@id\":\"https:\/\/sumainti.cl\/paquete-4#primaryimage\",\"url\":\"https:\/\/sumainti.cl\/wp-content\/uploads\/2024\/12\/012.jpeg\",\"contentUrl\":\"https:\/\/sumainti.cl\/wp-content\/uploads\/2024\/12\/012.jpeg\"},{\"@type\":\"BreadcrumbList\",\"@id\":\"https:\/\/sumainti.cl\/paquete-4#breadcrumb\",\"itemListElement\":[{\"@type\":\"ListItem\",\"position\":1,\"name\":\"Portada\",\"item\":\"https:\/\/sumainti.cl\/\"},{\"@type\":\"ListItem\",\"position\":2,\"name\":\"TOUR 4 DIAS 3 NOCHES Arica &#8211; Suriplaza\"}]},{\"@type\":\"WebSite\",\"@id\":\"https:\/\/sumainti.cl\/#website\",\"url\":\"https:\/\/sumainti.cl\/\",\"name\":\"Suma Inti Viajes\",\"description\":\"\",\"publisher\":{\"@id\":\"https:\/\/sumainti.cl\/#organization\"},\"potentialAction\":[{\"@type\":\"SearchAction\",\"target\":{\"@type\":\"EntryPoint\",\"urlTemplate\":\"https:\/\/sumainti.cl\/?s={search_term_string}\"},\"query-input\":{\"@type\":\"PropertyValueSpecification\",\"valueRequired\":true,\"valueName\":\"search_term_string\"}}],\"inLanguage\":\"en-US\"},{\"@type\":\"Organization\",\"@id\":\"https:\/\/sumainti.cl\/#organization\",\"name\":\"Suma Inti Viajes\",\"url\":\"https:\/\/sumainti.cl\/\",\"logo\":{\"@type\":\"ImageObject\",\"inLanguage\":\"en-US\",\"@id\":\"https:\/\/sumainti.cl\/#\/schema\/logo\/image\/\",\"url\":\"https:\/\/sumainti.cl\/wp-content\/uploads\/2025\/01\/logo-copia-LG.png\",\"contentUrl\":\"https:\/\/sumainti.cl\/wp-content\/uploads\/2025\/01\/logo-copia-LG.png\",\"width\":2179,\"height\":303,\"caption\":\"Suma Inti Viajes\"},\"image\":{\"@id\":\"https:\/\/sumainti.cl\/#\/schema\/logo\/image\/\"},\"sameAs\":[\"https:\/\/web.facebook.com\/sumaintiviajes\"]}]}<\/script>\n<!-- \/ Yoast SEO plugin. -->","yoast_head_json":{"title":"TOUR 4 DIAS 3 NOCHES Arica - Suriplaza - suma inti viajes","robots":{"index":"index","follow":"follow","max-snippet":"max-snippet:-1","max-image-preview":"max-image-preview:large","max-video-preview":"max-video-preview:-1"},"canonical":"https:\/\/sumainti.cl\/en\/paquete-4\/","og_locale":"en_US","og_type":"article","og_title":"TOUR 4 DIAS 3 NOCHES Arica - Suriplaza - suma inti viajes","og_description":"ARICA &#8211; PUTRE \u2013 SURIPLAZA&nbsp; &#8211; Reserva Nac. Las vicu\u00f1as&nbsp; &#8211; &nbsp;LAGO CHUNGARA &#8211;&nbsp; Arica Salida: 09.00 horasDuraci\u00f3n del tour: 4 d\u00edas \u2013 3 nochesLugar de salida: hotel\u2026 Visitas: Museo San Migue: Las momias m\u00e1s antiguas del mundo Poblado de Poconchile: Iglesia San Jer\u00f3nimo una de las 7 \u201cIglesias del Altiplano\u201d Trekking Poblado de Socoroma: ... Read more","og_url":"https:\/\/sumainti.cl\/en\/paquete-4\/","og_site_name":"suma inti viajes","article_publisher":"https:\/\/web.facebook.com\/sumaintiviajes","article_modified_time":"2025-01-23T22:52:51+00:00","og_image":[{"width":1200,"height":1600,"url":"https:\/\/sumainti.cl\/wp-content\/uploads\/2024\/12\/012.jpeg","type":"image\/jpeg"}],"twitter_card":"summary_large_image","twitter_misc":{"Est. reading time":"2 minutes"},"schema":{"@context":"https:\/\/schema.org","@graph":[{"@type":"WebPage","@id":"https:\/\/sumainti.cl\/paquete-4","url":"https:\/\/sumainti.cl\/paquete-4","name":"TOUR 4 DIAS 3 NOCHES Arica - Suriplaza - suma inti viajes","isPartOf":{"@id":"https:\/\/sumainti.cl\/#website"},"primaryImageOfPage":{"@id":"https:\/\/sumainti.cl\/paquete-4#primaryimage"},"image":{"@id":"https:\/\/sumainti.cl\/paquete-4#primaryimage"},"thumbnailUrl":"https:\/\/sumainti.cl\/wp-content\/uploads\/2024\/12\/012.jpeg","datePublished":"2024-12-07T16:52:03+00:00","dateModified":"2025-01-23T22:52:51+00:00","breadcrumb":{"@id":"https:\/\/sumainti.cl\/paquete-4#breadcrumb"},"inLanguage":"en-US","potentialAction":[{"@type":"ReadAction","target":["https:\/\/sumainti.cl\/paquete-4"]}]},{"@type":"ImageObject","inLanguage":"en-US","@id":"https:\/\/sumainti.cl\/paquete-4#primaryimage","url":"https:\/\/sumainti.cl\/wp-content\/uploads\/2024\/12\/012.jpeg","contentUrl":"https:\/\/sumainti.cl\/wp-content\/uploads\/2024\/12\/012.jpeg"},{"@type":"BreadcrumbList","@id":"https:\/\/sumainti.cl\/paquete-4#breadcrumb","itemListElement":[{"@type":"ListItem","position":1,"name":"Portada","item":"https:\/\/sumainti.cl\/"},{"@type":"ListItem","position":2,"name":"TOUR 4 DIAS 3 NOCHES Arica &#8211; Suriplaza"}]},{"@type":"WebSite","@id":"https:\/\/sumainti.cl\/#website","url":"https:\/\/sumainti.cl\/","name":"Sum Inti Travel","description":"","publisher":{"@id":"https:\/\/sumainti.cl\/#organization"},"potentialAction":[{"@type":"SearchAction","target":{"@type":"EntryPoint","urlTemplate":"https:\/\/sumainti.cl\/?s={search_term_string}"},"query-input":{"@type":"PropertyValueSpecification","valueRequired":true,"valueName":"search_term_string"}}],"inLanguage":"en-US"},{"@type":"Organization","@id":"https:\/\/sumainti.cl\/#organization","name":"Sum Inti Travel","url":"https:\/\/sumainti.cl\/","logo":{"@type":"ImageObject","inLanguage":"en-US","@id":"https:\/\/sumainti.cl\/#\/schema\/logo\/image\/","url":"https:\/\/sumainti.cl\/wp-content\/uploads\/2025\/01\/logo-copia-LG.png","contentUrl":"https:\/\/sumainti.cl\/wp-content\/uploads\/2025\/01\/logo-copia-LG.png","width":2179,"height":303,"caption":"Suma Inti Viajes"},"image":{"@id":"https:\/\/sumainti.cl\/#\/schema\/logo\/image\/"},"sameAs":["https:\/\/web.facebook.com\/sumaintiviajes"]}]}},"uagb_featured_image_src":{"full":false,"thumbnail":false,"medium":false,"medium_large":false,"large":false,"1536x1536":false,"2048x2048":false,"trp-custom-language-flag":false},"uagb_author_info":{"display_name":"sumainti","author_link":"https:\/\/sumainti.cl\/en\/archivos\/author\/sumainti"},"uagb_comment_info":0,"uagb_excerpt":"ARICA &#8211; PUTRE \u2013 SURIPLAZA&nbsp; &#8211; Reserva Nac. Las vicu\u00f1as&nbsp; &#8211; &nbsp;LAGO CHUNGARA &#8211;&nbsp; Arica Salida: 09.00 horasDuraci\u00f3n del tour: 4 d\u00edas \u2013 3 nochesLugar de salida: hotel\u2026 Visitas: Museo San Migue: Las momias m\u00e1s antiguas del mundo Poblado de Poconchile: Iglesia San Jer\u00f3nimo una de las 7 \u201cIglesias del Altiplano\u201d Trekking Poblado de Socoroma:&hellip;","_links":{"self":[{"href":"https:\/\/sumainti.cl\/en\/wp-json\/wp\/v2\/pages\/25","targetHints":{"allow":["GET"]}}],"collection":[{"href":"https:\/\/sumainti.cl\/en\/wp-json\/wp\/v2\/pages"}],"about":[{"href":"https:\/\/sumainti.cl\/en\/wp-json\/wp\/v2\/types\/page"}],"author":[{"embeddable":true,"href":"https:\/\/sumainti.cl\/en\/wp-json\/wp\/v2\/users\/1"}],"replies":[{"embeddable":true,"href":"https:\/\/sumainti.cl\/en\/wp-json\/wp\/v2\/comments?post=25"}],"version-history":[{"count":6,"href":"https:\/\/sumainti.cl\/en\/wp-json\/wp\/v2\/pages\/25\/revisions"}],"predecessor-version":[{"id":549,"href":"https:\/\/sumainti.cl\/en\/wp-json\/wp\/v2\/pages\/25\/revisions\/549"}],"wp:attachment":[{"href":"https:\/\/sumainti.cl\/en\/wp-json\/wp\/v2\/media?parent=25"}],"curies":[{"name":"wp","href":"https:\/\/api.w.org\/{rel}","templated":true}]}}