{"id":24,"date":"2024-12-07T17:52:03","date_gmt":"2024-12-07T16:52:03","guid":{"rendered":"http:\/\/localhost\/sumainti\/?page_id=24"},"modified":"2026-02-13T14:05:08","modified_gmt":"2026-02-13T17:05:08","slug":"tour-3-dias-2-noches-arica-putre","status":"publish","type":"page","link":"https:\/\/sumainti.cl\/en\/tour-3-dias-2-noches-arica-putre","title":{"rendered":"TOUR 3 DIAS 2 NOCHES  Arica &#8211; Putre"},"content":{"rendered":"<h2 class=\"wp-block-heading eplus-wrapper\"><br><strong>ARICA \u2013 PUTRE \u2013 Las vicu\u00f1as national Reserve \u2013 CHUNGARA LAKE \u2013 Arica<\/strong><\/h2>\n\n\n<div class=\"wp-block-image is-style-default edplus_anim-gul4V2\"><figure class=\"alignright size-full is-resized eplus-wrapper eplus-styles-uid-097ce3\"><img loading=\"lazy\" decoding=\"async\" width=\"1600\" height=\"900\" src=\"https:\/\/sumainti.cl\/wp-content\/uploads\/2025\/01\/WhatsApp-Image-2025-01-15-at-10.51.31-AM.jpeg\" alt=\"\" class=\"wp-image-453\" style=\"width:636px;height:auto\" srcset=\"https:\/\/sumainti.cl\/wp-content\/uploads\/2025\/01\/WhatsApp-Image-2025-01-15-at-10.51.31-AM.jpeg 1600w, https:\/\/sumainti.cl\/wp-content\/uploads\/2025\/01\/WhatsApp-Image-2025-01-15-at-10.51.31-AM-300x169.jpeg 300w, https:\/\/sumainti.cl\/wp-content\/uploads\/2025\/01\/WhatsApp-Image-2025-01-15-at-10.51.31-AM-1024x576.jpeg 1024w, https:\/\/sumainti.cl\/wp-content\/uploads\/2025\/01\/WhatsApp-Image-2025-01-15-at-10.51.31-AM-768x432.jpeg 768w, https:\/\/sumainti.cl\/wp-content\/uploads\/2025\/01\/WhatsApp-Image-2025-01-15-at-10.51.31-AM-1536x864.jpeg 1536w\" sizes=\"auto, (max-width: 1600px) 100vw, 1600px\" \/><\/figure><\/div>\n\n<p><strong>Output:<\/strong> 09:00<br \/><strong>Duration of the tour:<\/strong> 3 days \u2013 2 nights<br \/><strong>Place of departure:<\/strong> hotel...<\/p>\n<p><strong>Recommendation:<\/strong><\/p>\n<p>Warm clothes<br \/>Water<br \/>The day before the tour not to eat fatty foods<br \/>Tour is not recommended for people with heart<br \/>Children older than 6 years<\/p>\n<p><strong>Views: <\/strong>Flora and fauna endemic.<\/p>\n<p><em><strong>\ud83d\udccdDAY 1: ARICA \u2013 AZAPA VALLEY \u2013 DESERT \u2013 PUTRE<\/strong><\/em><br \/>Output from Arica towards the interior of the driest desert in the world.<\/p>\n<ul>\n<li>The geoglyphs of the Azapa Valley<\/li>\n<li>Museum of Chinchorro Mummies<\/li>\n<li>Natural monument Quebrada de Cardones<\/li>\n<li>Pukara de Copaquilla<\/li>\n<li>Lunch in Zapahuira (3,200 m.s.n.m.)<\/li>\n<li>Hiking the Inca Trail in Socoroma<\/li>\n<li>Arrival and overnight in Putre (3,500 m.s.n.m.)<\/li>\n<\/ul>\n<p>A day of adaptation to the tall, ancient culture and spectacular landscapes.<\/p>\n<p>\ud83d\udccd <em><strong>DAY 2: PUTRE \u2013 SURIPLAZA \u2013 LAUCA NATIONAL PARK \u2013 LAKE CHUNGARA \u2013 NIGHT IN PUTRE<\/strong><\/em><br \/>Breakfast in Putre and out towards the majestic andean altiplano.<\/p>\n<ul>\n<li>Suriplaza and wetlands on the altiplano<\/li>\n<li>Lauca National park (World Reserve of the Biosphere)<\/li>\n<li>Church of Parinacota<\/li>\n<li>Lake Chungara (4.500 m.s.n.m.)<\/li>\n<li>View to the volcanoes Parinacota and Pomerape<\/li>\n<li>Sighting of vicu\u00f1a, llama and flamingo<\/li>\n<li>Return and overnight in Putre.<\/li>\n<\/ul>\n<p>One of the destinations most stunning natural of South america.<\/p>\n<p>\ud83d\udccd<em><strong> DAY 3: PUTRE \u2013 VOLCANO GUALLATIRE \u2013 SALAR DE SURIRE \u2013 BATHS OF POLLOQUERE \u2013 ARICA<\/strong><\/em><br \/>Breakfast in Putre and departure to the unique landscapes of the altiplano deep.<\/p>\n<ul>\n<li>Volcano Guallatire (active fumaroles)<\/li>\n<li>\u00a0Salar de Surire (Natural Monument)<\/li>\n<li>Observation of andean flamingos<\/li>\n<li>Termas de Polloquere<\/li>\n<li>Box Lunch<\/li>\n<li>Return to Arica<br \/>A perfect closure between volcanoes, salt flats and hot springs more than 4,200 m.s.n.m.<br \/>Why choose Sum Inti Travel?<br \/>\u2714 Experts in tourism altiplano in Arica \u2714 secure Experience and guided<br \/>\u2714 Nature, culture and adventure \u2714 unique Landscapes of the north of Chile<\/li>\n<\/ul>\n\n\n<div class=\"wp-block-uagb-container uagb-block-97b47320 alignfull uagb-is-root-container\"><div class=\"uagb-container-inner-blocks-wrap\">\n<div class=\"wp-block-uagb-container uagb-block-9d2ccbf7\">\n<div class=\"wp-block-uagb-image uagb-block-42216b06 wp-block-uagb-image--layout-default wp-block-uagb-image--effect-static wp-block-uagb-image--align-none\"><figure class=\"wp-block-uagb-image__figure\"><img decoding=\"async\" srcset=\"https:\/\/sumainti.cl\/wp-content\/uploads\/2026\/02\/005--577x1024.jpeg ,https:\/\/sumainti.cl\/wp-content\/uploads\/2026\/02\/005-.jpeg 780w, https:\/\/sumainti.cl\/wp-content\/uploads\/2026\/02\/005-.jpeg 360w\" sizes=\"auto, (max-width: 480px) 150px\" src=\"https:\/\/sumainti.cl\/wp-content\/uploads\/2026\/02\/005--577x1024.jpeg\" alt=\"\" class=\"uag-image-611\" width=\"211\" height=\"373\" title=\"005 -\" loading=\"lazy\" role=\"img\"\/><\/figure><\/div>\n<\/div>\n\n\n\n<div class=\"wp-block-uagb-container uagb-block-74d7d3f8\">\n<div class=\"wp-block-uagb-image uagb-block-fa9c5de3 wp-block-uagb-image--layout-default wp-block-uagb-image--effect-static wp-block-uagb-image--align-none\"><figure class=\"wp-block-uagb-image__figure\"><img decoding=\"async\" srcset=\"https:\/\/sumainti.cl\/wp-content\/uploads\/2026\/02\/004--768x1024.jpeg ,https:\/\/sumainti.cl\/wp-content\/uploads\/2026\/02\/004-.jpeg 780w, https:\/\/sumainti.cl\/wp-content\/uploads\/2026\/02\/004-.jpeg 360w\" sizes=\"auto, (max-width: 480px) 150px\" src=\"https:\/\/sumainti.cl\/wp-content\/uploads\/2026\/02\/004--768x1024.jpeg\" alt=\"\" class=\"uag-image-610\" width=\"270\" height=\"360\" title=\"004 -\" loading=\"lazy\" role=\"img\"\/><\/figure><\/div>\n<\/div>\n\n\n\n<div class=\"wp-block-uagb-container uagb-block-214d1b0c\">\n<div class=\"wp-block-uagb-image uagb-block-726d890f wp-block-uagb-image--layout-default wp-block-uagb-image--effect-static wp-block-uagb-image--align-none\"><figure class=\"wp-block-uagb-image__figure\"><img decoding=\"async\" srcset=\"https:\/\/sumainti.cl\/wp-content\/uploads\/2026\/02\/006--768x1024.jpeg ,https:\/\/sumainti.cl\/wp-content\/uploads\/2026\/02\/006-.jpeg 780w, https:\/\/sumainti.cl\/wp-content\/uploads\/2026\/02\/006-.jpeg 360w\" sizes=\"auto, (max-width: 480px) 150px\" src=\"https:\/\/sumainti.cl\/wp-content\/uploads\/2026\/02\/006--768x1024.jpeg\" alt=\"\" class=\"uag-image-612\" width=\"270\" height=\"361\" title=\"006 -\" loading=\"lazy\" role=\"img\"\/><\/figure><\/div>\n<\/div>\n<\/div><\/div>","protected":false},"excerpt":{"rendered":"<p>ARICA &#8211; PUTRE \u2013 Reserva nacional Las vicu\u00f1as&nbsp; &#8211; &nbsp;LAGO CHUNGARA &#8211;&nbsp; Arica Salida: 09:00 horasDuraci\u00f3n del tour: 3 d\u00edas \u2013 2 nochesLugar de salida: hotel\u2026 Recomendaci\u00f3n: Ropa de abrigoAguaEl d\u00eda anterior al tour no ingerir comidas grasasTour no recomendable para personas cardiacasNi\u00f1os mayores de 6 a\u00f1os Paisajes: Flora y fauna end\u00e9micos. \ud83d\udccdD\u00cdA 1: ARICA &#8230; <a title=\"TOUR 3 DIAS 2 NOCHES  Arica &#8211; Putre\" class=\"read-more\" href=\"https:\/\/sumainti.cl\/en\/tour-3-dias-2-noches-arica-putre\" aria-label=\"Read more about TOUR 3 DIAS 2 NOCHES  Arica &#8211; Putre\">Read more<\/a><\/p>","protected":false},"author":1,"featured_media":0,"parent":0,"menu_order":0,"comment_status":"closed","ping_status":"closed","template":"","meta":{"_uag_custom_page_level_css":"","editor_plus_copied_stylings":"{}","footnotes":""},"class_list":["post-24","page","type-page","status-publish"],"yoast_head":"<!-- This site is optimized with the Yoast SEO plugin v26.4 - https:\/\/yoast.com\/wordpress\/plugins\/seo\/ -->\n<title>TOUR 3 DIAS 2 NOCHES Arica - Putre - suma inti viajes<\/title>\n<meta name=\"robots\" content=\"index, follow, max-snippet:-1, max-image-preview:large, max-video-preview:-1\" \/>\n<link rel=\"canonical\" href=\"https:\/\/sumainti.cl\/en\/tour-3-dias-2-noches-arica-putre\/\" \/>\n<meta property=\"og:locale\" content=\"en_US\" \/>\n<meta property=\"og:type\" content=\"article\" \/>\n<meta property=\"og:title\" content=\"TOUR 3 DIAS 2 NOCHES Arica - Putre - suma inti viajes\" \/>\n<meta property=\"og:description\" content=\"ARICA &#8211; PUTRE \u2013 Reserva nacional Las vicu\u00f1as&nbsp; &#8211; &nbsp;LAGO CHUNGARA &#8211;&nbsp; Arica Salida: 09:00 horasDuraci\u00f3n del tour: 3 d\u00edas \u2013 2 nochesLugar de salida: hotel\u2026 Recomendaci\u00f3n: Ropa de abrigoAguaEl d\u00eda anterior al tour no ingerir comidas grasasTour no recomendable para personas cardiacasNi\u00f1os mayores de 6 a\u00f1os Paisajes: Flora y fauna end\u00e9micos. \ud83d\udccdD\u00cdA 1: ARICA ... Read more\" \/>\n<meta property=\"og:url\" content=\"https:\/\/sumainti.cl\/en\/tour-3-dias-2-noches-arica-putre\/\" \/>\n<meta property=\"og:site_name\" content=\"suma inti viajes\" \/>\n<meta property=\"article:publisher\" content=\"https:\/\/web.facebook.com\/sumaintiviajes\" \/>\n<meta property=\"article:modified_time\" content=\"2026-02-13T17:05:08+00:00\" \/>\n<meta property=\"og:image\" content=\"https:\/\/sumainti.cl\/wp-content\/uploads\/2025\/01\/WhatsApp-Image-2025-01-15-at-10.51.31-AM.jpeg\" \/>\n\t<meta property=\"og:image:width\" content=\"1600\" \/>\n\t<meta property=\"og:image:height\" content=\"900\" \/>\n\t<meta property=\"og:image:type\" content=\"image\/jpeg\" \/>\n<meta name=\"twitter:card\" content=\"summary_large_image\" \/>\n<meta name=\"twitter:label1\" content=\"Est. reading time\" \/>\n\t<meta name=\"twitter:data1\" content=\"3 minutes\" \/>\n<script type=\"application\/ld+json\" class=\"yoast-schema-graph\">{\"@context\":\"https:\/\/schema.org\",\"@graph\":[{\"@type\":\"WebPage\",\"@id\":\"https:\/\/sumainti.cl\/tour-3-dias-2-noches-arica-putre\",\"url\":\"https:\/\/sumainti.cl\/tour-3-dias-2-noches-arica-putre\",\"name\":\"TOUR 3 DIAS 2 NOCHES Arica - Putre - suma inti viajes\",\"isPartOf\":{\"@id\":\"https:\/\/sumainti.cl\/#website\"},\"primaryImageOfPage\":{\"@id\":\"https:\/\/sumainti.cl\/tour-3-dias-2-noches-arica-putre#primaryimage\"},\"image\":{\"@id\":\"https:\/\/sumainti.cl\/tour-3-dias-2-noches-arica-putre#primaryimage\"},\"thumbnailUrl\":\"https:\/\/sumainti.cl\/wp-content\/uploads\/2025\/01\/WhatsApp-Image-2025-01-15-at-10.51.31-AM.jpeg\",\"datePublished\":\"2024-12-07T16:52:03+00:00\",\"dateModified\":\"2026-02-13T17:05:08+00:00\",\"breadcrumb\":{\"@id\":\"https:\/\/sumainti.cl\/tour-3-dias-2-noches-arica-putre#breadcrumb\"},\"inLanguage\":\"en-US\",\"potentialAction\":[{\"@type\":\"ReadAction\",\"target\":[\"https:\/\/sumainti.cl\/tour-3-dias-2-noches-arica-putre\"]}]},{\"@type\":\"ImageObject\",\"inLanguage\":\"en-US\",\"@id\":\"https:\/\/sumainti.cl\/tour-3-dias-2-noches-arica-putre#primaryimage\",\"url\":\"https:\/\/sumainti.cl\/wp-content\/uploads\/2025\/01\/WhatsApp-Image-2025-01-15-at-10.51.31-AM.jpeg\",\"contentUrl\":\"https:\/\/sumainti.cl\/wp-content\/uploads\/2025\/01\/WhatsApp-Image-2025-01-15-at-10.51.31-AM.jpeg\"},{\"@type\":\"BreadcrumbList\",\"@id\":\"https:\/\/sumainti.cl\/tour-3-dias-2-noches-arica-putre#breadcrumb\",\"itemListElement\":[{\"@type\":\"ListItem\",\"position\":1,\"name\":\"Portada\",\"item\":\"https:\/\/sumainti.cl\/\"},{\"@type\":\"ListItem\",\"position\":2,\"name\":\"TOUR 3 DIAS 2 NOCHES Arica &#8211; Putre\"}]},{\"@type\":\"WebSite\",\"@id\":\"https:\/\/sumainti.cl\/#website\",\"url\":\"https:\/\/sumainti.cl\/\",\"name\":\"Suma Inti Viajes\",\"description\":\"\",\"publisher\":{\"@id\":\"https:\/\/sumainti.cl\/#organization\"},\"potentialAction\":[{\"@type\":\"SearchAction\",\"target\":{\"@type\":\"EntryPoint\",\"urlTemplate\":\"https:\/\/sumainti.cl\/?s={search_term_string}\"},\"query-input\":{\"@type\":\"PropertyValueSpecification\",\"valueRequired\":true,\"valueName\":\"search_term_string\"}}],\"inLanguage\":\"en-US\"},{\"@type\":\"Organization\",\"@id\":\"https:\/\/sumainti.cl\/#organization\",\"name\":\"Suma Inti Viajes\",\"url\":\"https:\/\/sumainti.cl\/\",\"logo\":{\"@type\":\"ImageObject\",\"inLanguage\":\"en-US\",\"@id\":\"https:\/\/sumainti.cl\/#\/schema\/logo\/image\/\",\"url\":\"https:\/\/sumainti.cl\/wp-content\/uploads\/2025\/01\/logo-copia-LG.png\",\"contentUrl\":\"https:\/\/sumainti.cl\/wp-content\/uploads\/2025\/01\/logo-copia-LG.png\",\"width\":2179,\"height\":303,\"caption\":\"Suma Inti Viajes\"},\"image\":{\"@id\":\"https:\/\/sumainti.cl\/#\/schema\/logo\/image\/\"},\"sameAs\":[\"https:\/\/web.facebook.com\/sumaintiviajes\"]}]}<\/script>\n<!-- \/ Yoast SEO plugin. -->","yoast_head_json":{"title":"TOUR 3 DIAS 2 NOCHES Arica - Putre - suma inti viajes","robots":{"index":"index","follow":"follow","max-snippet":"max-snippet:-1","max-image-preview":"max-image-preview:large","max-video-preview":"max-video-preview:-1"},"canonical":"https:\/\/sumainti.cl\/en\/tour-3-dias-2-noches-arica-putre\/","og_locale":"en_US","og_type":"article","og_title":"TOUR 3 DIAS 2 NOCHES Arica - Putre - suma inti viajes","og_description":"ARICA &#8211; PUTRE \u2013 Reserva nacional Las vicu\u00f1as&nbsp; &#8211; &nbsp;LAGO CHUNGARA &#8211;&nbsp; Arica Salida: 09:00 horasDuraci\u00f3n del tour: 3 d\u00edas \u2013 2 nochesLugar de salida: hotel\u2026 Recomendaci\u00f3n: Ropa de abrigoAguaEl d\u00eda anterior al tour no ingerir comidas grasasTour no recomendable para personas cardiacasNi\u00f1os mayores de 6 a\u00f1os Paisajes: Flora y fauna end\u00e9micos. \ud83d\udccdD\u00cdA 1: ARICA ... Read more","og_url":"https:\/\/sumainti.cl\/en\/tour-3-dias-2-noches-arica-putre\/","og_site_name":"suma inti viajes","article_publisher":"https:\/\/web.facebook.com\/sumaintiviajes","article_modified_time":"2026-02-13T17:05:08+00:00","og_image":[{"width":1600,"height":900,"url":"https:\/\/sumainti.cl\/wp-content\/uploads\/2025\/01\/WhatsApp-Image-2025-01-15-at-10.51.31-AM.jpeg","type":"image\/jpeg"}],"twitter_card":"summary_large_image","twitter_misc":{"Est. reading time":"3 minutes"},"schema":{"@context":"https:\/\/schema.org","@graph":[{"@type":"WebPage","@id":"https:\/\/sumainti.cl\/tour-3-dias-2-noches-arica-putre","url":"https:\/\/sumainti.cl\/tour-3-dias-2-noches-arica-putre","name":"TOUR 3 DIAS 2 NOCHES Arica - Putre - suma inti viajes","isPartOf":{"@id":"https:\/\/sumainti.cl\/#website"},"primaryImageOfPage":{"@id":"https:\/\/sumainti.cl\/tour-3-dias-2-noches-arica-putre#primaryimage"},"image":{"@id":"https:\/\/sumainti.cl\/tour-3-dias-2-noches-arica-putre#primaryimage"},"thumbnailUrl":"https:\/\/sumainti.cl\/wp-content\/uploads\/2025\/01\/WhatsApp-Image-2025-01-15-at-10.51.31-AM.jpeg","datePublished":"2024-12-07T16:52:03+00:00","dateModified":"2026-02-13T17:05:08+00:00","breadcrumb":{"@id":"https:\/\/sumainti.cl\/tour-3-dias-2-noches-arica-putre#breadcrumb"},"inLanguage":"en-US","potentialAction":[{"@type":"ReadAction","target":["https:\/\/sumainti.cl\/tour-3-dias-2-noches-arica-putre"]}]},{"@type":"ImageObject","inLanguage":"en-US","@id":"https:\/\/sumainti.cl\/tour-3-dias-2-noches-arica-putre#primaryimage","url":"https:\/\/sumainti.cl\/wp-content\/uploads\/2025\/01\/WhatsApp-Image-2025-01-15-at-10.51.31-AM.jpeg","contentUrl":"https:\/\/sumainti.cl\/wp-content\/uploads\/2025\/01\/WhatsApp-Image-2025-01-15-at-10.51.31-AM.jpeg"},{"@type":"BreadcrumbList","@id":"https:\/\/sumainti.cl\/tour-3-dias-2-noches-arica-putre#breadcrumb","itemListElement":[{"@type":"ListItem","position":1,"name":"Portada","item":"https:\/\/sumainti.cl\/"},{"@type":"ListItem","position":2,"name":"TOUR 3 DIAS 2 NOCHES Arica &#8211; Putre"}]},{"@type":"WebSite","@id":"https:\/\/sumainti.cl\/#website","url":"https:\/\/sumainti.cl\/","name":"Sum Inti Travel","description":"","publisher":{"@id":"https:\/\/sumainti.cl\/#organization"},"potentialAction":[{"@type":"SearchAction","target":{"@type":"EntryPoint","urlTemplate":"https:\/\/sumainti.cl\/?s={search_term_string}"},"query-input":{"@type":"PropertyValueSpecification","valueRequired":true,"valueName":"search_term_string"}}],"inLanguage":"en-US"},{"@type":"Organization","@id":"https:\/\/sumainti.cl\/#organization","name":"Sum Inti Travel","url":"https:\/\/sumainti.cl\/","logo":{"@type":"ImageObject","inLanguage":"en-US","@id":"https:\/\/sumainti.cl\/#\/schema\/logo\/image\/","url":"https:\/\/sumainti.cl\/wp-content\/uploads\/2025\/01\/logo-copia-LG.png","contentUrl":"https:\/\/sumainti.cl\/wp-content\/uploads\/2025\/01\/logo-copia-LG.png","width":2179,"height":303,"caption":"Suma Inti Viajes"},"image":{"@id":"https:\/\/sumainti.cl\/#\/schema\/logo\/image\/"},"sameAs":["https:\/\/web.facebook.com\/sumaintiviajes"]}]}},"uagb_featured_image_src":{"full":false,"thumbnail":false,"medium":false,"medium_large":false,"large":false,"1536x1536":false,"2048x2048":false,"trp-custom-language-flag":false},"uagb_author_info":{"display_name":"sumainti","author_link":"https:\/\/sumainti.cl\/en\/archivos\/author\/sumainti"},"uagb_comment_info":0,"uagb_excerpt":"ARICA &#8211; PUTRE \u2013 Reserva nacional Las vicu\u00f1as&nbsp; &#8211; &nbsp;LAGO CHUNGARA &#8211;&nbsp; Arica Salida: 09:00 horasDuraci\u00f3n del tour: 3 d\u00edas \u2013 2 nochesLugar de salida: hotel\u2026 Recomendaci\u00f3n: Ropa de abrigoAguaEl d\u00eda anterior al tour no ingerir comidas grasasTour no recomendable para personas cardiacasNi\u00f1os mayores de 6 a\u00f1os Paisajes: Flora y fauna end\u00e9micos. \ud83d\udccdD\u00cdA 1: ARICA&hellip;","_links":{"self":[{"href":"https:\/\/sumainti.cl\/en\/wp-json\/wp\/v2\/pages\/24","targetHints":{"allow":["GET"]}}],"collection":[{"href":"https:\/\/sumainti.cl\/en\/wp-json\/wp\/v2\/pages"}],"about":[{"href":"https:\/\/sumainti.cl\/en\/wp-json\/wp\/v2\/types\/page"}],"author":[{"embeddable":true,"href":"https:\/\/sumainti.cl\/en\/wp-json\/wp\/v2\/users\/1"}],"replies":[{"embeddable":true,"href":"https:\/\/sumainti.cl\/en\/wp-json\/wp\/v2\/comments?post=24"}],"version-history":[{"count":10,"href":"https:\/\/sumainti.cl\/en\/wp-json\/wp\/v2\/pages\/24\/revisions"}],"predecessor-version":[{"id":627,"href":"https:\/\/sumainti.cl\/en\/wp-json\/wp\/v2\/pages\/24\/revisions\/627"}],"wp:attachment":[{"href":"https:\/\/sumainti.cl\/en\/wp-json\/wp\/v2\/media?parent=24"}],"curies":[{"name":"wp","href":"https:\/\/api.w.org\/{rel}","templated":true}]}}