{"id":22,"date":"2024-12-07T17:52:03","date_gmt":"2024-12-07T16:52:03","guid":{"rendered":"http:\/\/localhost\/sumainti\/?page_id=22"},"modified":"2025-01-15T14:04:43","modified_gmt":"2025-01-15T17:04:43","slug":"paquete-1","status":"publish","type":"page","link":"https:\/\/sumainti.cl\/en\/paquete-1","title":{"rendered":"TOUR LAKE CHUNGARA NATIONAL PARK LAUCA"},"content":{"rendered":"<h2 class=\"wp-block-heading eplus-wrapper\">Full Day from Arica \u2013 Chile<\/h2>\n\n\n\n<div class=\"wp-block-uagb-container uagb-block-dc092b98 alignfull uagb-is-root-container\"><div class=\"uagb-container-inner-blocks-wrap\">\n<\/div><\/div>\n\n\n<p style=\"text-align: justify;\"><strong>Tour the Lake Chungara, the highest in the world<\/strong><br \/><i>Sum Inti Travel from already given welcome you to the highest lake in the world (CHUNGARA) located in lauca national park, in the extreme north of chile.<\/i><\/p>\n<p>Most visited by foreign and domestic tourists for being a place that is truly spectacular 4,500 M. S. N. M. eighth natural wonder of the world.<\/p>\n<p style=\"text-align: justify;\"><strong>Transport:<br \/><\/strong>Travel comfortably <strong>IN MODERN SPRINTERS MERCEDES BENZ 2020 EQUIPPED WITH RODS ROLL.<\/strong>, with native guides of the Great Plateau, with over 15 years of experience in routes ranging from sea level up to the <strong>4,500 meters above sea level<\/strong>.<\/p>\n<p style=\"text-align: justify;\">Live a unique and unforgettable experience with <em>Sum Inti Travel<\/em>!<\/p>\n<p style=\"text-align: justify;\"><strong>LAKE CHUNGARA PER DAY <br \/>Includes:<\/strong><\/p>\n<ul style=\"text-align: justify;\">\n<li>Bus transportation Sprinter Mercedes Benz 2020 (19 passengers)<\/li>\n<li>Breakfast, Lunch,\u00a0<\/li>\n<li>Oxygen equipment<\/li>\n<\/ul>\n<h3 style=\"text-align: justify;\"><strong>Itinerary:<\/strong><\/h3>\n<p style=\"text-align: justify;\"><strong>Tour the Lake Chungara, the highest lake in the world.<\/strong><br \/>It starts from your accommodation\u00a0<\/p>\n<ul style=\"text-align: justify;\">\n<li><strong>07:00 hrs:<\/strong> Collection of tourists in Arica.<\/li>\n<\/ul>\n<p style=\"text-align: justify;\"><strong>Path to the Lake Chungara:<\/strong><\/p>\n<ul style=\"text-align: justify;\">\n<li>Oasis of Lluta\u00a0\u00a0<\/li>\n<li>Photo of the Geoglyphs<\/li>\n<li>Church of Pocon, Chile<\/li>\n<li>Natural monument Creek Cardones to 2,500 MASL<\/li>\n<li>Pukara of Kupakilla (3,000 masl), with a plea ancestral aymara next to the Pachamama<\/li>\n<li>Breakfast in Zapawira to 3200 METERS above sea level<\/li>\n<li>Mirador de Putre<\/li>\n<li>Cordillera de los Andes<\/li>\n<li>High Plateau<\/li>\n<li>Lauca National Park<\/li>\n<li>Rio Lauca<\/li>\n<li>Chucuyo<\/li>\n<li>Volcanoes Parinacota<\/li>\n<li>The natural wonder of the world located 4500 METERS CHUNGAR\u00c1 LAKE<\/li>\n<li>Lunch in Putre\u00a0<\/li>\n<li>Return to Arica<\/li>\n<li>Arrival to Arica at 20:00 hrs<\/li>\n<\/ul>\n<h3 style=\"text-align: center;\"><b>TOUR NOT SUITABLE FOR CARDIAC<\/b><\/h3>","protected":false},"excerpt":{"rendered":"<p>Full Day desde Arica &#8211; Chile Tour al Lago Chungara, el m\u00e1s alto del mundoSuma Inti Viajes desde ya les d\u00e1 la bienvenida al lago m\u00e1s alto del mundo (CHUNGAR\u00c1) ubicado en parque nacional lauca, en el extremo norte de chile. Muy visitado por turistas extranjeros y nacionales por ser un lugar realmente espectacular a &#8230; <a title=\"TOUR LAKE CHUNGARA NATIONAL PARK LAUCA\" class=\"read-more\" href=\"https:\/\/sumainti.cl\/en\/paquete-1\" aria-label=\"Read more about TOUR LAGO CHUNGARA PARQUE NACIONAL LAUCA\">Read more<\/a><\/p>","protected":false},"author":1,"featured_media":0,"parent":0,"menu_order":0,"comment_status":"closed","ping_status":"closed","template":"","meta":{"_uag_custom_page_level_css":"","editor_plus_copied_stylings":"{}","footnotes":""},"class_list":["post-22","page","type-page","status-publish"],"yoast_head":"<!-- This site is optimized with the Yoast SEO plugin v26.4 - https:\/\/yoast.com\/wordpress\/plugins\/seo\/ -->\n<title>TOUR LAGO CHUNGARA PARQUE NACIONAL LAUCA - suma inti viajes<\/title>\n<meta name=\"robots\" content=\"index, follow, max-snippet:-1, max-image-preview:large, max-video-preview:-1\" \/>\n<link rel=\"canonical\" href=\"https:\/\/sumainti.cl\/en\/paquete-1\/\" \/>\n<meta property=\"og:locale\" content=\"en_US\" \/>\n<meta property=\"og:type\" content=\"article\" \/>\n<meta property=\"og:title\" content=\"TOUR LAGO CHUNGARA PARQUE NACIONAL LAUCA - suma inti viajes\" \/>\n<meta property=\"og:description\" content=\"Full Day desde Arica &#8211; Chile Tour al Lago Chungara, el m\u00e1s alto del mundoSuma Inti Viajes desde ya les d\u00e1 la bienvenida al lago m\u00e1s alto del mundo (CHUNGAR\u00c1) ubicado en parque nacional lauca, en el extremo norte de chile. Muy visitado por turistas extranjeros y nacionales por ser un lugar realmente espectacular a ... Read more\" \/>\n<meta property=\"og:url\" content=\"https:\/\/sumainti.cl\/en\/paquete-1\/\" \/>\n<meta property=\"og:site_name\" content=\"suma inti viajes\" \/>\n<meta property=\"article:publisher\" content=\"https:\/\/web.facebook.com\/sumaintiviajes\" \/>\n<meta property=\"article:modified_time\" content=\"2025-01-15T17:04:43+00:00\" \/>\n<meta name=\"twitter:card\" content=\"summary_large_image\" \/>\n<meta name=\"twitter:label1\" content=\"Est. reading time\" \/>\n\t<meta name=\"twitter:data1\" content=\"2 minutes\" \/>\n<script type=\"application\/ld+json\" class=\"yoast-schema-graph\">{\"@context\":\"https:\/\/schema.org\",\"@graph\":[{\"@type\":\"WebPage\",\"@id\":\"https:\/\/sumainti.cl\/paquete-1\",\"url\":\"https:\/\/sumainti.cl\/paquete-1\",\"name\":\"TOUR LAGO CHUNGARA PARQUE NACIONAL LAUCA - suma inti viajes\",\"isPartOf\":{\"@id\":\"https:\/\/sumainti.cl\/#website\"},\"datePublished\":\"2024-12-07T16:52:03+00:00\",\"dateModified\":\"2025-01-15T17:04:43+00:00\",\"breadcrumb\":{\"@id\":\"https:\/\/sumainti.cl\/paquete-1#breadcrumb\"},\"inLanguage\":\"en-US\",\"potentialAction\":[{\"@type\":\"ReadAction\",\"target\":[\"https:\/\/sumainti.cl\/paquete-1\"]}]},{\"@type\":\"BreadcrumbList\",\"@id\":\"https:\/\/sumainti.cl\/paquete-1#breadcrumb\",\"itemListElement\":[{\"@type\":\"ListItem\",\"position\":1,\"name\":\"Portada\",\"item\":\"https:\/\/sumainti.cl\/\"},{\"@type\":\"ListItem\",\"position\":2,\"name\":\"TOUR LAGO CHUNGARA PARQUE NACIONAL LAUCA\"}]},{\"@type\":\"WebSite\",\"@id\":\"https:\/\/sumainti.cl\/#website\",\"url\":\"https:\/\/sumainti.cl\/\",\"name\":\"Suma Inti Viajes\",\"description\":\"\",\"publisher\":{\"@id\":\"https:\/\/sumainti.cl\/#organization\"},\"potentialAction\":[{\"@type\":\"SearchAction\",\"target\":{\"@type\":\"EntryPoint\",\"urlTemplate\":\"https:\/\/sumainti.cl\/?s={search_term_string}\"},\"query-input\":{\"@type\":\"PropertyValueSpecification\",\"valueRequired\":true,\"valueName\":\"search_term_string\"}}],\"inLanguage\":\"en-US\"},{\"@type\":\"Organization\",\"@id\":\"https:\/\/sumainti.cl\/#organization\",\"name\":\"Suma Inti Viajes\",\"url\":\"https:\/\/sumainti.cl\/\",\"logo\":{\"@type\":\"ImageObject\",\"inLanguage\":\"en-US\",\"@id\":\"https:\/\/sumainti.cl\/#\/schema\/logo\/image\/\",\"url\":\"https:\/\/sumainti.cl\/wp-content\/uploads\/2025\/01\/logo-copia-LG.png\",\"contentUrl\":\"https:\/\/sumainti.cl\/wp-content\/uploads\/2025\/01\/logo-copia-LG.png\",\"width\":2179,\"height\":303,\"caption\":\"Suma Inti Viajes\"},\"image\":{\"@id\":\"https:\/\/sumainti.cl\/#\/schema\/logo\/image\/\"},\"sameAs\":[\"https:\/\/web.facebook.com\/sumaintiviajes\"]}]}<\/script>\n<!-- \/ Yoast SEO plugin. -->","yoast_head_json":{"title":"TOUR LAGO CHUNGARA PARQUE NACIONAL LAUCA - suma inti viajes","robots":{"index":"index","follow":"follow","max-snippet":"max-snippet:-1","max-image-preview":"max-image-preview:large","max-video-preview":"max-video-preview:-1"},"canonical":"https:\/\/sumainti.cl\/en\/paquete-1\/","og_locale":"en_US","og_type":"article","og_title":"TOUR LAGO CHUNGARA PARQUE NACIONAL LAUCA - suma inti viajes","og_description":"Full Day desde Arica &#8211; Chile Tour al Lago Chungara, el m\u00e1s alto del mundoSuma Inti Viajes desde ya les d\u00e1 la bienvenida al lago m\u00e1s alto del mundo (CHUNGAR\u00c1) ubicado en parque nacional lauca, en el extremo norte de chile. Muy visitado por turistas extranjeros y nacionales por ser un lugar realmente espectacular a ... Read more","og_url":"https:\/\/sumainti.cl\/en\/paquete-1\/","og_site_name":"suma inti viajes","article_publisher":"https:\/\/web.facebook.com\/sumaintiviajes","article_modified_time":"2025-01-15T17:04:43+00:00","twitter_card":"summary_large_image","twitter_misc":{"Est. reading time":"2 minutes"},"schema":{"@context":"https:\/\/schema.org","@graph":[{"@type":"WebPage","@id":"https:\/\/sumainti.cl\/paquete-1","url":"https:\/\/sumainti.cl\/paquete-1","name":"TOUR LAGO CHUNGARA PARQUE NACIONAL LAUCA - suma inti viajes","isPartOf":{"@id":"https:\/\/sumainti.cl\/#website"},"datePublished":"2024-12-07T16:52:03+00:00","dateModified":"2025-01-15T17:04:43+00:00","breadcrumb":{"@id":"https:\/\/sumainti.cl\/paquete-1#breadcrumb"},"inLanguage":"en-US","potentialAction":[{"@type":"ReadAction","target":["https:\/\/sumainti.cl\/paquete-1"]}]},{"@type":"BreadcrumbList","@id":"https:\/\/sumainti.cl\/paquete-1#breadcrumb","itemListElement":[{"@type":"ListItem","position":1,"name":"Portada","item":"https:\/\/sumainti.cl\/"},{"@type":"ListItem","position":2,"name":"TOUR LAGO CHUNGARA PARQUE NACIONAL LAUCA"}]},{"@type":"WebSite","@id":"https:\/\/sumainti.cl\/#website","url":"https:\/\/sumainti.cl\/","name":"Sum Inti Travel","description":"","publisher":{"@id":"https:\/\/sumainti.cl\/#organization"},"potentialAction":[{"@type":"SearchAction","target":{"@type":"EntryPoint","urlTemplate":"https:\/\/sumainti.cl\/?s={search_term_string}"},"query-input":{"@type":"PropertyValueSpecification","valueRequired":true,"valueName":"search_term_string"}}],"inLanguage":"en-US"},{"@type":"Organization","@id":"https:\/\/sumainti.cl\/#organization","name":"Sum Inti Travel","url":"https:\/\/sumainti.cl\/","logo":{"@type":"ImageObject","inLanguage":"en-US","@id":"https:\/\/sumainti.cl\/#\/schema\/logo\/image\/","url":"https:\/\/sumainti.cl\/wp-content\/uploads\/2025\/01\/logo-copia-LG.png","contentUrl":"https:\/\/sumainti.cl\/wp-content\/uploads\/2025\/01\/logo-copia-LG.png","width":2179,"height":303,"caption":"Suma Inti Viajes"},"image":{"@id":"https:\/\/sumainti.cl\/#\/schema\/logo\/image\/"},"sameAs":["https:\/\/web.facebook.com\/sumaintiviajes"]}]}},"uagb_featured_image_src":{"full":false,"thumbnail":false,"medium":false,"medium_large":false,"large":false,"1536x1536":false,"2048x2048":false,"trp-custom-language-flag":false},"uagb_author_info":{"display_name":"sumainti","author_link":"https:\/\/sumainti.cl\/en\/archivos\/author\/sumainti"},"uagb_comment_info":0,"uagb_excerpt":"Full Day desde Arica &#8211; Chile Tour al Lago Chungara, el m\u00e1s alto del mundoSuma Inti Viajes desde ya les d\u00e1 la bienvenida al lago m\u00e1s alto del mundo (CHUNGAR\u00c1) ubicado en parque nacional lauca, en el extremo norte de chile. Muy visitado por turistas extranjeros y nacionales por ser un lugar realmente espectacular a&hellip;","_links":{"self":[{"href":"https:\/\/sumainti.cl\/en\/wp-json\/wp\/v2\/pages\/22","targetHints":{"allow":["GET"]}}],"collection":[{"href":"https:\/\/sumainti.cl\/en\/wp-json\/wp\/v2\/pages"}],"about":[{"href":"https:\/\/sumainti.cl\/en\/wp-json\/wp\/v2\/types\/page"}],"author":[{"embeddable":true,"href":"https:\/\/sumainti.cl\/en\/wp-json\/wp\/v2\/users\/1"}],"replies":[{"embeddable":true,"href":"https:\/\/sumainti.cl\/en\/wp-json\/wp\/v2\/comments?post=22"}],"version-history":[{"count":11,"href":"https:\/\/sumainti.cl\/en\/wp-json\/wp\/v2\/pages\/22\/revisions"}],"predecessor-version":[{"id":469,"href":"https:\/\/sumainti.cl\/en\/wp-json\/wp\/v2\/pages\/22\/revisions\/469"}],"wp:attachment":[{"href":"https:\/\/sumainti.cl\/en\/wp-json\/wp\/v2\/media?parent=22"}],"curies":[{"name":"wp","href":"https:\/\/api.w.org\/{rel}","templated":true}]}}